{"id":251,"date":"2021-05-07T12:56:24","date_gmt":"2021-05-07T10:56:24","guid":{"rendered":"https:\/\/divulgacionprincipiantes.umh.es\/?page_id=251"},"modified":"2022-03-07T16:26:43","modified_gmt":"2022-03-07T15:26:43","slug":"foro-material","status":"publish","type":"page","link":"https:\/\/divulgacionprincipiantes.umh.es\/ca\/foro-material\/","title":{"rendered":"<span lang=\"es\">(Espa\u00f1ol) Foro\/Material<\/span>"},"content":{"rendered":"<p>[et_pb_section fb_built=&#8221;1&#8243; _builder_version=&#8221;4.2.2&#8243;][et_pb_row _builder_version=&#8221;4.2.2&#8243;][et_pb_column type=&#8221;4_4&#8243; _builder_version=&#8221;4.2.2&#8243;][et_pb_text _builder_version=&#8221;4.2.2&#8243;]<\/p>\n<h2>Foro y Material<\/h2>\n<p>[\/et_pb_text][et_pb_text disabled_on=&#8221;on|on|on&#8221; _builder_version=&#8221;4.2.2&#8243; custom_padding=&#8221;|174px||||&#8221; disabled=&#8221;on&#8221;]<\/p>\n<table class=\"MsoTableGrid\" border=\"1\" cellspacing=\"0\" cellpadding=\"0\" style=\"border-collapse: collapse; border: none;\">\n<tbody>\n<tr>\n<td width=\"94\" style=\"width: 70.65pt; border: solid windowtext 1.0pt; background: black; padding: 0cm 5.4pt 0cm 5.4pt;\">\n<p class=\"MsoNormal\" align=\"center\" style=\"margin-bottom: .0001pt; text-align: center; line-height: normal;\"><b><span style=\"font-size: 12.0pt; color: white;\">CLASE<\/span><\/b><\/p>\n<\/td>\n<td width=\"161\" style=\"width: 120.5pt; border: solid windowtext 1.0pt; border-left: none; background: black; padding: 0cm 5.4pt 0cm 5.4pt;\">\n<p class=\"MsoNormal\" align=\"center\" style=\"margin-bottom: .0001pt; text-align: center; line-height: normal;\"><b><span style=\"font-size: 12.0pt; color: white;\">T\u00cdTULO<\/span><\/b><\/p>\n<\/td>\n<td width=\"123\" style=\"width: 92.1pt; border: solid windowtext 1.0pt; border-left: none; background: black; padding: 0cm 5.4pt 0cm 5.4pt;\">\n<p class=\"MsoNormal\" align=\"center\" style=\"margin-bottom: .0001pt; text-align: center; line-height: normal;\"><b><span style=\"font-size: 12.0pt; color: white;\">PROFESORADO<\/span><\/b><\/p>\n<\/td>\n<td width=\"104\" style=\"width: 78.0pt; border: solid windowtext 1.0pt; border-left: none; background: black; padding: 0cm 5.4pt 0cm 5.4pt;\">\n<p class=\"MsoNormal\" align=\"center\" style=\"margin-bottom: .0001pt; text-align: center; line-height: normal;\"><b><span style=\"font-size: 12.0pt; color: white;\">HORAS (H)<\/span><\/b><\/p>\n<\/td>\n<\/tr>\n<tr>\n<td width=\"94\" rowspan=\"2\" valign=\"top\" style=\"width: 70.65pt; border: solid windowtext 1.0pt; border-top: none; background: #D0CECE; padding: 0cm 5.4pt 0cm 5.4pt;\">\n<p class=\"MsoNormal\" align=\"center\" style=\"margin-bottom: .0001pt; text-align: center; line-height: normal;\"><span style=\"font-size: 12pt; color: #000000;\">CLASE 1<\/span><\/p>\n<\/td>\n<td width=\"161\" valign=\"top\" style=\"width: 120.5pt; border-top: none; border-left: none; border-bottom: solid windowtext 1.0pt; border-right: solid windowtext 1.0pt; background: #D0CECE; padding: 0cm 5.4pt 0cm 5.4pt;\">\n<p class=\"MsoNormal\" style=\"margin-bottom: .0001pt; line-height: normal;\"><span style=\"font-size: 12pt; color: #000000;\">El salto a la divulgaci\u00f3n<br \/> en ciencia<\/span><\/p>\n<\/td>\n<td width=\"123\" valign=\"top\" style=\"width: 92.1pt; border-top: none; border-left: none; border-bottom: solid windowtext 1.0pt; border-right: solid windowtext 1.0pt; background: #D0CECE; padding: 0cm 5.4pt 0cm 5.4pt;\">\n<p class=\"MsoNormal\" style=\"margin-bottom: .0001pt; line-height: normal;\"><span style=\"font-size: 12pt; color: #000000;\">Ana Peir\u00f3<\/span><\/p>\n<p class=\"MsoNormal\" style=\"margin-bottom: .0001pt; line-height: normal;\"><span style=\"font-size: 12pt; color: #000000;\">Pura Ballester<\/span><\/p>\n<p class=\"MsoNormal\" style=\"margin-bottom: .0001pt; line-height: normal;\"><span style=\"font-size: 12pt; color: #000000;\">Santi Cremades<\/span><\/p>\n<\/td>\n<td width=\"104\" valign=\"top\" style=\"width: 78.0pt; border-top: none; border-left: none; border-bottom: solid windowtext 1.0pt; border-right: solid windowtext 1.0pt; background: #D0CECE; padding: 0cm 5.4pt 0cm 5.4pt;\">\n<p class=\"MsoNormal\" style=\"margin-bottom: .0001pt; line-height: normal;\"><span style=\"font-size: 12pt; color: #000000;\">1 h te\u00f3rica<\/span><\/p>\n<p class=\"MsoNormal\" style=\"margin-bottom: .0001pt; line-height: normal;\"><span style=\"font-size: 12pt; color: #000000;\">30 min supervisi\u00f3n<\/span><\/p>\n<\/td>\n<\/tr>\n<tr>\n<td width=\"161\" valign=\"top\" style=\"width: 120.5pt; border-top: none; border-left: none; border-bottom: solid windowtext 1.0pt; border-right: solid windowtext 1.0pt; padding: 0cm 5.4pt 0cm 5.4pt;\">\n<p class=\"MsoNormal\" style=\"margin-bottom: .0001pt; line-height: normal;\"><span style=\"font-size: 12pt; color: #000000;\">Como escribir tu mon\u00f3logo<\/span><\/p>\n<\/td>\n<td width=\"123\" rowspan=\"3\" valign=\"top\" style=\"width: 92.1pt; border-top: none; border-left: none; border-bottom: solid windowtext 1.0pt; border-right: solid windowtext 1.0pt; padding: 0cm 5.4pt 0cm 5.4pt;\">\n<p class=\"MsoNormal\" style=\"margin-bottom: .0001pt; line-height: normal;\"><span style=\"font-size: 12pt; color: #000000;\">Juan Luis Mira<\/span><\/p>\n<\/td>\n<td width=\"104\" valign=\"top\" style=\"width: 78.0pt; border-top: none; border-left: none; border-bottom: solid windowtext 1.0pt; border-right: solid windowtext 1.0pt; padding: 0cm 5.4pt 0cm 5.4pt;\">\n<p class=\"MsoNormal\" style=\"margin-bottom: .0001pt; line-height: normal;\"><span style=\"font-size: 12pt; color: #000000;\">1.5 h<\/span><\/p>\n<\/td>\n<\/tr>\n<tr>\n<td width=\"94\" rowspan=\"2\" valign=\"top\" style=\"width: 70.65pt; border: solid windowtext 1.0pt; border-top: none; padding: 0cm 5.4pt 0cm 5.4pt;\">\n<p class=\"MsoNormal\" align=\"center\" style=\"margin-bottom: .0001pt; text-align: center; line-height: normal;\"><span style=\"font-size: 12pt; color: #000000;\">CLASE 2<\/span><\/p>\n<\/td>\n<td width=\"161\" valign=\"top\" style=\"width: 120.5pt; border-top: none; border-left: none; border-bottom: solid windowtext 1.0pt; border-right: solid windowtext 1.0pt; padding: 0cm 5.4pt 0cm 5.4pt;\">\n<p class=\"MsoNormal\" style=\"margin-bottom: .0001pt; line-height: normal;\"><span style=\"font-size: 12pt; color: #000000;\">Como escribir tu mon\u00f3logo PRO<\/span><\/p>\n<\/td>\n<td width=\"104\" valign=\"top\" style=\"width: 78.0pt; border-top: none; border-left: none; border-bottom: solid windowtext 1.0pt; border-right: solid windowtext 1.0pt; padding: 0cm 5.4pt 0cm 5.4pt;\">\n<p class=\"MsoNormal\" style=\"margin-bottom: .0001pt; line-height: normal;\"><span style=\"font-size: 12pt; color: #000000;\">1.5 h<\/span><\/p>\n<\/td>\n<\/tr>\n<tr>\n<td width=\"161\" valign=\"top\" style=\"width: 120.5pt; border-top: none; border-left: none; border-bottom: solid windowtext 1.0pt; border-right: solid windowtext 1.0pt; padding: 0cm 5.4pt 0cm 5.4pt;\">\n<p class=\"MsoNormal\" style=\"margin-bottom: .0001pt; line-height: normal;\"><span style=\"font-size: 12pt; color: #000000;\">Supervisi\u00f3n: dramaturgia<\/span><\/p>\n<\/td>\n<td width=\"104\" valign=\"top\" style=\"width: 78.0pt; border-top: none; border-left: none; border-bottom: solid windowtext 1.0pt; border-right: solid windowtext 1.0pt; padding: 0cm 5.4pt 0cm 5.4pt;\">\n<p class=\"MsoNormal\" style=\"margin-bottom: .0001pt; line-height: normal;\"><span style=\"font-size: 12pt; color: #000000;\">1.5 h<\/span><\/p>\n<\/td>\n<\/tr>\n<tr>\n<td width=\"94\" valign=\"top\" style=\"width: 70.65pt; border: solid windowtext 1.0pt; border-top: none; background: #D0CECE; padding: 0cm 5.4pt 0cm 5.4pt;\">\n<p class=\"MsoNormal\" align=\"center\" style=\"margin-bottom: .0001pt; text-align: center; line-height: normal;\"><span style=\"font-size: 12pt; color: #000000;\">CLASE 3<\/span><\/p>\n<\/td>\n<td width=\"161\" valign=\"top\" style=\"width: 120.5pt; border-top: none; border-left: none; border-bottom: solid windowtext 1.0pt; border-right: solid windowtext 1.0pt; background: #D0CECE; padding: 0cm 5.4pt 0cm 5.4pt;\">\n<p class=\"MsoNormal\" style=\"margin-bottom: .0001pt; line-height: normal;\"><span style=\"font-size: 12pt; color: #000000;\">Subirlo a escena<\/span><\/p>\n<\/td>\n<td width=\"123\" rowspan=\"2\" valign=\"top\" style=\"width: 92.1pt; border-top: none; border-left: none; border-bottom: solid windowtext 1.0pt; border-right: solid windowtext 1.0pt; background: #D0CECE; padding: 0cm 5.4pt 0cm 5.4pt;\">\n<p class=\"MsoNormal\" style=\"margin-bottom: .0001pt; line-height: normal;\"><span style=\"font-size: 12pt; color: #000000;\">BigVanCiencia<\/span><\/p>\n<\/td>\n<td width=\"104\" valign=\"top\" style=\"width: 78.0pt; border-top: none; border-left: none; border-bottom: solid windowtext 1.0pt; border-right: solid windowtext 1.0pt; background: #D0CECE; padding: 0cm 5.4pt 0cm 5.4pt;\">\n<p class=\"MsoNormal\" style=\"margin-bottom: .0001pt; line-height: normal;\"><span style=\"font-size: 12pt; color: #000000;\">1.5 h te\u00f3rica<\/span><\/p>\n<p class=\"MsoNormal\" style=\"margin-bottom: .0001pt; line-height: normal;\"><span style=\"font-size: 12pt; color: #000000;\">1.5 h super<\/span><\/p>\n<\/td>\n<\/tr>\n<tr>\n<td width=\"94\" valign=\"top\" style=\"width: 70.65pt; border: solid windowtext 1.0pt; border-top: none; background: #D0CECE; padding: 0cm 5.4pt 0cm 5.4pt;\">\n<p class=\"MsoNormal\" align=\"center\" style=\"margin-bottom: .0001pt; text-align: center; line-height: normal;\"><span style=\"font-size: 12pt; color: #000000;\">CLASE 4<\/span><\/p>\n<\/td>\n<td width=\"161\" valign=\"top\" style=\"width: 120.5pt; border-top: none; border-left: none; border-bottom: solid windowtext 1.0pt; border-right: solid windowtext 1.0pt; background: #D0CECE; padding: 0cm 5.4pt 0cm 5.4pt;\">\n<p class=\"MsoNormal\" style=\"margin-bottom: .0001pt; line-height: normal;\"><span style=\"font-size: 12pt; color: #000000;\">Subirlo a escena PRO<\/span><\/p>\n<\/td>\n<td width=\"104\" valign=\"top\" style=\"width: 78.0pt; border-top: none; border-left: none; border-bottom: solid windowtext 1.0pt; border-right: solid windowtext 1.0pt; background: #D0CECE; padding: 0cm 5.4pt 0cm 5.4pt;\">\n<p class=\"MsoNormal\" style=\"margin-bottom: .0001pt; line-height: normal;\"><span style=\"font-size: 12pt; color: #000000;\">1.5 h te\u00f3rica<\/span><\/p>\n<p class=\"MsoNormal\" style=\"margin-bottom: .0001pt; line-height: normal;\"><span style=\"font-size: 12pt; color: #000000;\">1.5 h super<\/span><\/p>\n<\/td>\n<\/tr>\n<tr>\n<td width=\"94\" valign=\"top\" style=\"width: 70.65pt; border: solid windowtext 1.0pt; border-top: none; padding: 0cm 5.4pt 0cm 5.4pt;\">\n<p class=\"MsoNormal\" align=\"center\" style=\"margin-bottom: .0001pt; text-align: center; line-height: normal;\"><span style=\"font-size: 12pt; color: #000000;\">CLASE 5<\/span><\/p>\n<\/td>\n<td width=\"161\" valign=\"top\" style=\"width: 120.5pt; border-top: none; border-left: none; border-bottom: solid windowtext 1.0pt; border-right: solid windowtext 1.0pt; padding: 0cm 5.4pt 0cm 5.4pt;\">\n<p class=\"MsoNormal\" style=\"margin-bottom: .0001pt; line-height: normal;\"><span style=\"font-size: 12pt; color: #000000;\">Actuaci\u00f3n ante c\u00e1mara<\/span><\/p>\n<\/td>\n<td width=\"123\" rowspan=\"2\" valign=\"top\" style=\"width: 92.1pt; border-top: none; border-left: none; border-bottom: solid windowtext 1.0pt; border-right: solid windowtext 1.0pt; padding: 0cm 5.4pt 0cm 5.4pt;\">\n<p class=\"MsoNormal\" style=\"margin-bottom: .0001pt; line-height: normal;\"><span style=\"font-size: 12pt; color: #000000;\">Audiovisual<\/span><\/p>\n<\/td>\n<td width=\"104\" valign=\"top\" style=\"width: 78.0pt; border-top: none; border-left: none; border-bottom: solid windowtext 1.0pt; border-right: solid windowtext 1.0pt; padding: 0cm 5.4pt 0cm 5.4pt;\">\n<p class=\"MsoNormal\" style=\"margin-bottom: .0001pt; line-height: normal;\"><span style=\"font-size: 12pt; color: #000000;\">1.5 h te\u00f3rica<\/span><\/p>\n<p class=\"MsoNormal\" style=\"margin-bottom: .0001pt; line-height: normal;\"><span style=\"font-size: 12pt; color: #000000;\">1.5 h super<\/span><\/p>\n<\/td>\n<\/tr>\n<tr>\n<td width=\"94\" valign=\"top\" style=\"width: 70.65pt; border: solid windowtext 1.0pt; border-top: none; padding: 0cm 5.4pt 0cm 5.4pt;\">\n<p class=\"MsoNormal\" align=\"center\" style=\"margin-bottom: .0001pt; text-align: center; line-height: normal;\"><span style=\"font-size: 12pt; color: #000000;\">CLASE 6<\/span><\/p>\n<\/td>\n<td width=\"161\" valign=\"top\" style=\"width: 120.5pt; border-top: none; border-left: none; border-bottom: solid windowtext 1.0pt; border-right: solid windowtext 1.0pt; padding: 0cm 5.4pt 0cm 5.4pt;\">\n<p class=\"MsoNormal\" style=\"margin-bottom: .0001pt; line-height: normal;\"><span style=\"font-size: 12pt; color: #000000;\">Actuaci\u00f3n c\u00e1mara PRO y promoci\u00f3n en<br \/> redes sociales<\/span><\/p>\n<\/td>\n<td width=\"104\" valign=\"top\" style=\"width: 78.0pt; border-top: none; border-left: none; border-bottom: solid windowtext 1.0pt; border-right: solid windowtext 1.0pt; padding: 0cm 5.4pt 0cm 5.4pt;\">\n<p class=\"MsoNormal\" style=\"margin-bottom: .0001pt; line-height: normal;\"><span style=\"font-size: 12pt; color: #000000;\">1.5 h te\u00f3rica<\/span><\/p>\n<p class=\"MsoNormal\" style=\"margin-bottom: .0001pt; line-height: normal;\"><span style=\"font-size: 12pt; color: #000000;\">1.5 h super<\/span><\/p>\n<\/td>\n<\/tr>\n<tr>\n<td width=\"94\" valign=\"top\" style=\"width: 70.65pt; border: solid windowtext 1.0pt; border-top: none; padding: 0cm 5.4pt 0cm 5.4pt;\">\n<p class=\"MsoNormal\" align=\"center\" style=\"margin-bottom: .0001pt; text-align: center; line-height: normal;\"><span style=\"font-size: 12pt; color: #000000;\">FIN DE<br \/> FIESTA<\/span><\/p>\n<\/td>\n<td width=\"161\" valign=\"top\" style=\"width: 120.5pt; border-top: none; border-left: none; border-bottom: solid windowtext 1.0pt; border-right: solid windowtext 1.0pt; padding: 0cm 5.4pt 0cm 5.4pt;\">\n<p class=\"MsoNormal\" style=\"margin-bottom: .0001pt; line-height: normal;\"><span style=\"font-size: 12pt; color: #000000;\">Festival Fin de curso<\/span><\/p>\n<\/td>\n<td width=\"123\" valign=\"top\" style=\"width: 92.1pt; border-top: none; border-left: none; border-bottom: solid windowtext 1.0pt; border-right: solid windowtext 1.0pt; padding: 0cm 5.4pt 0cm 5.4pt;\">\n<p class=\"MsoNormal\" style=\"margin-bottom: .0001pt; line-height: normal;\"><span style=\"font-size: 12pt; color: #000000;\">BigVanCiencia<\/span><\/p>\n<p class=\"MsoNormal\" style=\"margin-bottom: .0001pt; line-height: normal;\"><span style=\"font-size: 12pt; color: #000000;\">Santi Cremades<\/span><\/p>\n<p class=\"MsoNormal\" style=\"margin-bottom: .0001pt; line-height: normal;\"><span style=\"font-size: 12pt; color: #000000;\">Jurado<\/span><\/p>\n<\/td>\n<td width=\"104\" valign=\"top\" style=\"width: 78.0pt; border-top: none; border-left: none; border-bottom: solid windowtext 1.0pt; border-right: solid windowtext 1.0pt; padding: 0cm 5.4pt 0cm 5.4pt;\">\n<p class=\"MsoNormal\" style=\"margin-bottom: .0001pt; line-height: normal;\"><span style=\"font-size: 12pt; color: #000000;\">2 h<\/span><\/p>\n<\/td>\n<\/tr>\n<tr>\n<td width=\"378\" colspan=\"3\" valign=\"top\" style=\"width: 283.25pt; border: solid windowtext 1.0pt; border-top: none; padding: 0cm 5.4pt 0cm 5.4pt;\">\n<p class=\"MsoNormal\" style=\"margin-bottom: .0001pt; line-height: normal;\"><span style=\"font-size: 12pt; color: #000000;\">\u00a0<\/span><\/p>\n<\/td>\n<td width=\"104\" valign=\"top\" style=\"width: 78.0pt; border-top: none; border-left: none; border-bottom: solid windowtext 1.0pt; border-right: solid windowtext 1.0pt; background: #D0CECE; padding: 0cm 5.4pt 0cm 5.4pt;\">\n<p class=\"MsoNormal\" style=\"margin-bottom: .0001pt; line-height: normal;\"><span style=\"color: #000000; font-size: 12pt;\"><b>TOTAL: 20 h<\/b><\/span><\/p>\n<\/td>\n<\/tr>\n<\/tbody>\n<\/table>\n<p>[\/et_pb_text][et_pb_text disabled_on=&#8221;off|off|off&#8221; _builder_version=&#8221;4.2.2&#8243; width=&#8221;94.8%&#8221;]<\/p>\n<p>Enlace para el foro del Curso, en el que se van a compartir los materiales y se van a enviar avisos\/notificaciones. Se podr\u00e1 utilizar para debatir, realizar consultas y acceder a los diferentes recursos que se env\u00eden. (<span style=\"text-decoration: underline;\"><a href=\"https:\/\/groups.google.com\/u\/1\/a\/goumh.umh.es\/g\/divulgacionprincipiantes\" target=\"_blank\" rel=\"noopener noreferrer\">enlace para entrar al foro<\/a><\/span>)<\/p>\n<p>&nbsp;<\/p>\n<h2>GRABACIONES DE LAS CLASES<\/h2>\n<p style=\"padding-left: 40px;\">-CLASE 1- Como escribir tu mon\u00f3logo<\/p>\n<div style=\"padding-left: 40px;\">\u00a0<iframe loading=\"lazy\" src=\"https:\/\/drive.google.com\/file\/d\/1qu-vWTmg7SzdLqClzFh8rIACtc-7rU2Z\/preview\" width=\"640\" height=\"480\"><\/iframe><\/div>\n<p style=\"padding-left: 40px;\">\u00a0<\/p>\n<p style=\"padding-left: 40px;\"><span style=\"color: #222222; font-family: Arial, Helvetica, sans-serif; font-size: small;\">&#8211;<\/span>CLASE 2- Como escribir tu mon\u00f3logo PRO<\/p>\n<div style=\"padding-left: 40px;\">\u00a0<iframe loading=\"lazy\" src=\"https:\/\/drive.google.com\/file\/d\/1rh_hybhhdV99t5sNeomu0A_0KN2gYnjX\/preview\" width=\"640\" height=\"480\"><\/iframe><\/div>\n<p><span style=\"color: #222222; font-family: Arial, Helvetica, sans-serif; font-size: small;\">\u00a0<\/span><\/p>\n<p>&nbsp;<\/p>\n<p style=\"padding-left: 40px;\"><span style=\"color: #222222; font-family: Arial, Helvetica, sans-serif; font-size: small;\">&#8211;<\/span>CLASE 3- Como subir el mon\u00f3log a escena<\/p>\n<div style=\"padding-left: 40px;\">\u00a0<iframe loading=\"lazy\" src=\"https:\/\/drive.google.com\/file\/d\/1WocBPk4C-LZmr2RraAwd57fGwhQRBzr_\/preview\" width=\"640\" height=\"480\"><\/iframe><\/div>\n<div style=\"padding-left: 40px;\">\u00a0<\/div>\n<div style=\"padding-left: 40px;\">\u00a0<\/div>\n<div style=\"padding-left: 40px;\">\u00a0<\/div>\n<div style=\"padding-left: 40px;\">\u00a0<\/div>\n<div style=\"padding-left: 40px;\">-CLASE 4 &#8211; Subir tu mon\u00f3logo a escena PRO<\/div>\n<div style=\"padding-left: 40px;\">\u00a0<\/div>\n<div style=\"padding-left: 40px;\">\u00a0<iframe loading=\"lazy\" src=\"https:\/\/drive.google.com\/file\/d\/1FO0o06p7oUcAJZRoaVVUrxgCV-7ARsnN\/preview\" width=\"640\" height=\"480\"><\/iframe><\/div>\n<div style=\"padding-left: 40px;\">\u00a0<\/div>\n<div style=\"padding-left: 40px;\">\u00a0<\/div>\n<div style=\"padding-left: 40px;\">-CLASE 5 &#8211; C\u00f3mo grabar tu mon\u00f3logo<\/div>\n<div style=\"padding-left: 40px;\">\u00a0<\/div>\n<div style=\"padding-left: 40px;\">\u00a0<iframe loading=\"lazy\" src=\"https:\/\/drive.google.com\/file\/d\/16-U3eJjgNocX4xyocl7O9feg_cpUjs9R\/preview\" width=\"640\" height=\"480\"><\/iframe><\/div>\n<div style=\"padding-left: 40px;\">\u00a0<\/div>\n<div style=\"padding-left: 40px;\">\u00a0<\/div>\n<div style=\"padding-left: 40px;\">-CLASE 6 C\u00f3mo grabar tu mon\u00f3logo PRO<\/div>\n<div style=\"padding-left: 40px;\">\u00a0<\/div>\n<div style=\"padding-left: 40px;\">\u00a0<iframe loading=\"lazy\" src=\"https:\/\/drive.google.com\/file\/d\/1ymIqrspS2j4kWFDgQpgI0FEaFzHcSCbW\/preview\" width=\"640\" height=\"480\"><\/iframe><\/div>\n<p><span style=\"color: #222222; font-family: Arial, Helvetica, sans-serif; font-size: small;\">\u00a0<\/span>\u00a0<\/p>\n<p>[\/et_pb_text][\/et_pb_column][\/et_pb_row][\/et_pb_section]<\/p>\n","protected":false},"excerpt":{"rendered":"<p>Foro y Material CLASE T\u00cdTULO PROFESORADO HORAS (H) CLASE 1 El salto a la divulgaci\u00f3n en ciencia Ana Peir\u00f3 Pura Ballester Santi Cremades 1 h te\u00f3rica 30 min supervisi\u00f3n Como escribir tu mon\u00f3logo Juan Luis Mira 1.5 h CLASE 2 Como escribir tu mon\u00f3logo PRO 1.5 h Supervisi\u00f3n: dramaturgia 1.5 h CLASE 3 Subirlo a [&hellip;]<\/p>\n","protected":false},"author":1159,"featured_media":0,"parent":0,"menu_order":0,"comment_status":"closed","ping_status":"closed","template":"","meta":{"_et_pb_use_builder":"on","_et_pb_old_content":"","_et_gb_content_width":"","_links_to":"","_links_to_target":""},"_links":{"self":[{"href":"https:\/\/divulgacionprincipiantes.umh.es\/ca\/wp-json\/wp\/v2\/pages\/251"}],"collection":[{"href":"https:\/\/divulgacionprincipiantes.umh.es\/ca\/wp-json\/wp\/v2\/pages"}],"about":[{"href":"https:\/\/divulgacionprincipiantes.umh.es\/ca\/wp-json\/wp\/v2\/types\/page"}],"author":[{"embeddable":true,"href":"https:\/\/divulgacionprincipiantes.umh.es\/ca\/wp-json\/wp\/v2\/users\/1159"}],"replies":[{"embeddable":true,"href":"https:\/\/divulgacionprincipiantes.umh.es\/ca\/wp-json\/wp\/v2\/comments?post=251"}],"version-history":[{"count":0,"href":"https:\/\/divulgacionprincipiantes.umh.es\/ca\/wp-json\/wp\/v2\/pages\/251\/revisions"}],"wp:attachment":[{"href":"https:\/\/divulgacionprincipiantes.umh.es\/ca\/wp-json\/wp\/v2\/media?parent=251"}],"curies":[{"name":"wp","href":"https:\/\/api.w.org\/{rel}","templated":true}]}}